{"id":89,"date":"2022-01-19T11:37:05","date_gmt":"2022-01-19T11:37:05","guid":{"rendered":"https:\/\/www.nuppulinnanlaboratoriopalvelu.fi\/?page_id=89"},"modified":"2022-02-21T10:14:19","modified_gmt":"2022-02-21T10:14:19","slug":"nuppulinnan-laboratoriopalvelu","status":"publish","type":"page","link":"https:\/\/nuppulinnanlaboratoriopalvelu.fi\/en\/","title":{"rendered":"Nuppulinnan Laboratoriopalvelu"},"content":{"rendered":"<p class=\"justified-text\" id=\"saasta-aikaasi-kayta-vasta-aine-jaljityspalveluamme-kerro-sahkopostitse-osoitteeseen-nuppulinna-dlc-fi-vasta-aineen-nimi-ja-mihin-tekniikkaan-ja-elanlajiin-sen-tulisi-soveltua-paluupostissa-saat-tuotetiedot-ja-hinnat-palvelu-ei-maksa-mitaan-sopivan-tuotteen-loytyessa-tehdaan-kauppaa-normaaliin-tapaan\"><strong>Save your time. Use our antibody tracking service. Contact us through e-mail at&nbsp;<a rel=\"noreferrer noopener\" href=\"mailto:nuppulinna@dlc.fi\" target=\"_blank\">nuppulinna@dlc.fi<\/a> and tell us name of the antibody, what technique, and which species it should recognize. In return you will get product and pricing information. Service does not cost extra and if suitable product is found, lets make a deal as normal.<\/strong><\/p>\n\n\n\n<div class=\"wp-block-columns alignwide are-vertically-aligned-center is-style-twentytwentyone-columns-overlap is-layout-flex wp-container-core-columns-is-layout-9d6595d7 wp-block-columns-is-layout-flex\">\n<div class=\"wp-block-column is-vertically-aligned-center is-layout-flow wp-block-column-is-layout-flow\"><\/div>\n<\/div>\n\n\n\n<div style=\"height:35px\" aria-hidden=\"true\" class=\"wp-block-spacer\"><\/div>\n\n\n\n<h3 class=\"has-text-align-center wp-block-heading\" id=\"meidan-kauttamme-nama-laadukkaat-tavarantoimittajat\">You can get these quality producers through us<\/h3>\n\n\n\n<div style=\"height:30px\" aria-hidden=\"true\" class=\"wp-block-spacer\"><\/div>\n\n\n\n<div class=\"wp-block-columns is-layout-flex wp-container-core-columns-is-layout-9d6595d7 wp-block-columns-is-layout-flex\">\n<div class=\"wp-block-column is-vertically-aligned-top is-layout-flow wp-block-column-is-layout-flow\">\n<figure class=\"wp-block-image size-full is-resized\"><img loading=\"lazy\" decoding=\"async\" src=\"https:\/\/nuppulinnanlaboratoriopalvelu.fi\/wp-content\/uploads\/2022\/02\/Logo-IL-DEF_Wellmed.jpg\" alt=\"\" class=\"wp-image-664\" width=\"114\" height=\"40\" srcset=\"https:\/\/nuppulinnanlaboratoriopalvelu.fi\/wp-content\/uploads\/2022\/02\/Logo-IL-DEF_Wellmed.jpg 690w, https:\/\/nuppulinnanlaboratoriopalvelu.fi\/wp-content\/uploads\/2022\/02\/Logo-IL-DEF_Wellmed-300x107.jpg 300w, https:\/\/nuppulinnanlaboratoriopalvelu.fi\/wp-content\/uploads\/2022\/02\/Logo-IL-DEF_Wellmed-18x6.jpg 18w\" sizes=\"auto, (max-width: 114px) 100vw, 114px\" \/><\/figure>\n\n\n\n<p class=\"justified-text\">ImmunoLogic - a WellMed company has been producing a CE\/IVD complient BrightVision detection kit for immunohistochemistry already from 1999. This same kit has been sold under the Powervision+ and Orion brand names. Focus of the company has always been in cost effective, sensitive and specific reagents for immunohistochemistry (IHC) and they also carry a wide variety of primary antibodies for many study subjects.<br><a rel=\"noreferrer noopener\" href=\"https:\/\/www.immunologic.nl\/\" target=\"_blank\">www.immunologic.nl\/<\/a><\/p>\n<\/div>\n\n\n\n<div class=\"wp-block-column is-vertically-aligned-top is-layout-flow wp-block-column-is-layout-flow\">\n<figure class=\"wp-block-image size-full is-resized\"><img loading=\"lazy\" decoding=\"async\" src=\"https:\/\/nuppulinnanlaboratoriopalvelu.fi\/wp-content\/uploads\/2022\/01\/biosblgo.png\" alt=\"\" class=\"wp-image-67\" width=\"185\" height=\"40\"\/><\/figure>\n\n\n\n<p class=\"justified-text\">Bio SB develops, produces, and distributes unique products covering Immunohistochemistry (IHC), Immunocytochemistry (ICC), and Immunofluorescence (IF), that highest in vitro diagnostic standards in molecular pathology and CE\/IVD in EU.<br><a rel=\"noreferrer noopener\" href=\"https:\/\/www.biosb.com\/\" target=\"_blank\">www.biosb.com\/<\/a><\/p>\n<\/div>\n<\/div>\n\n\n\n<div class=\"wp-block-columns is-layout-flex wp-container-core-columns-is-layout-9d6595d7 wp-block-columns-is-layout-flex\">\n<div class=\"wp-block-column is-vertically-aligned-top is-layout-flow wp-block-column-is-layout-flow\">\n<figure class=\"wp-block-image size-full is-resized\"><img loading=\"lazy\" decoding=\"async\" src=\"https:\/\/nuppulinnanlaboratoriopalvelu.fi\/wp-content\/uploads\/2022\/01\/RocklandLogo.png\" alt=\"\" class=\"wp-image-73\" width=\"304\" height=\"40\"\/><\/figure>\n\n\n\n<p class=\"justified-text\">Rockland Immunochemicals Inc. (Rockland), established in 1962, is a biotechnology company based in Philadelphia Pennsylvania that produces class leading reagents for basic and applied research. Research areas covers for example genomics, gene therapy and drug discovery.<br><a rel=\"noreferrer noopener\" href=\"https:\/\/www.rockland.com\/\" target=\"_blank\">www.rockland.com\/<\/a><\/p>\n<\/div>\n\n\n\n<div class=\"wp-block-column is-vertically-aligned-top is-layout-flow wp-block-column-is-layout-flow\">\n<figure class=\"wp-block-image size-full is-resized\"><img loading=\"lazy\" decoding=\"async\" src=\"https:\/\/nuppulinnanlaboratoriopalvelu.fi\/wp-content\/uploads\/2022\/01\/angiobio.png\" alt=\"\" class=\"wp-image-65\" width=\"128\" height=\"40\" srcset=\"https:\/\/nuppulinnanlaboratoriopalvelu.fi\/wp-content\/uploads\/2022\/01\/angiobio.png 350w, https:\/\/nuppulinnanlaboratoriopalvelu.fi\/wp-content\/uploads\/2022\/01\/angiobio-300x94.png 300w\" sizes=\"auto, (max-width: 128px) 100vw, 128px\" \/><\/figure>\n\n\n\n<p class=\"justified-text\">AngioBio offers a selection of antibody and protein products for many research areas. As a speciality, you can find variety of specific antibodies for plant and lymphangiogenesis research. They also provide custom polyclonal and monoclonal antibody services, guaranteed to work with your method.<br><a rel=\"noreferrer noopener\" href=\"http:\/\/www.angiobio.com\/\" target=\"_blank\">www.angiobio.com<\/a><\/p>\n<\/div>\n<\/div>\n\n\n\n<div class=\"wp-block-columns is-layout-flex wp-container-core-columns-is-layout-9d6595d7 wp-block-columns-is-layout-flex\">\n<div class=\"wp-block-column is-vertically-aligned-top is-layout-flow wp-block-column-is-layout-flow\">\n<figure class=\"wp-block-image size-full is-resized\"><img loading=\"lazy\" decoding=\"async\" src=\"https:\/\/nuppulinnanlaboratoriopalvelu.fi\/wp-content\/uploads\/2022\/01\/cosmoBioUSA.png\" alt=\"\" class=\"wp-image-68\" width=\"197\" height=\"40\" srcset=\"https:\/\/nuppulinnanlaboratoriopalvelu.fi\/wp-content\/uploads\/2022\/01\/cosmoBioUSA.png 358w, https:\/\/nuppulinnanlaboratoriopalvelu.fi\/wp-content\/uploads\/2022\/01\/cosmoBioUSA-300x61.png 300w\" sizes=\"auto, (max-width: 197px) 100vw, 197px\" \/><\/figure>\n\n\n\n<p class=\"justified-text\">Cosmo Bio USA supplies high quality life science products from the leading Japanese producers and research institutions world wide. With pride they provide solutions for hard to find reagents and instruments, with quality provided by meticulous Japanese research.<br><a href=\"https:\/\/www.cosmobiousa.com\/\">www.cosmobiousa.com\/<\/a><\/p>\n<\/div>\n\n\n\n<div class=\"wp-block-column is-vertically-aligned-top is-layout-flow wp-block-column-is-layout-flow\">\n<figure class=\"wp-block-image size-full is-resized\"><img loading=\"lazy\" decoding=\"async\" src=\"https:\/\/nuppulinnanlaboratoriopalvelu.fi\/wp-content\/uploads\/2022\/01\/ladd-research-logo.png\" alt=\"\" class=\"wp-image-69\" width=\"124\" height=\"40\" srcset=\"https:\/\/nuppulinnanlaboratoriopalvelu.fi\/wp-content\/uploads\/2022\/01\/ladd-research-logo.png 325w, https:\/\/nuppulinnanlaboratoriopalvelu.fi\/wp-content\/uploads\/2022\/01\/ladd-research-logo-300x97.png 300w\" sizes=\"auto, (max-width: 124px) 100vw, 124px\" \/><\/figure>\n\n\n\n<p class=\"justified-text\">Ladd Research was established in 1954 by Margaret and Bill Ladd to develop and distribute products for the expanding electron microscopy field. Before founding the company, they were part of the development of first electron microscope at University of Toronto. Till this day Ladd Research continues to produce and deliver high quality products and services around the world.<br><a rel=\"noreferrer noopener\" href=\"https:\/\/www.laddresearch.com\/\" target=\"_blank\">www.laddresearch.com<\/a><br><\/p>\n<\/div>\n<\/div>\n\n\n\n<div class=\"wp-block-columns is-layout-flex wp-container-core-columns-is-layout-9d6595d7 wp-block-columns-is-layout-flex\">\n<div class=\"wp-block-column is-vertically-aligned-top is-layout-flow wp-block-column-is-layout-flow\">\n<figure class=\"wp-block-image size-full is-resized\"><img loading=\"lazy\" decoding=\"async\" src=\"https:\/\/nuppulinnanlaboratoriopalvelu.fi\/wp-content\/uploads\/2022\/01\/anygene.jpg\" alt=\"\" class=\"wp-image-66\" width=\"110\" height=\"40\" srcset=\"https:\/\/nuppulinnanlaboratoriopalvelu.fi\/wp-content\/uploads\/2022\/01\/anygene.jpg 381w, https:\/\/nuppulinnanlaboratoriopalvelu.fi\/wp-content\/uploads\/2022\/01\/anygene-300x110.jpg 300w\" sizes=\"auto, (max-width: 110px) 100vw, 110px\" \/><\/figure>\n\n\n\n<p class=\"justified-text\">For over 15 years AnyGenes has been developing and manufacturing innovative products for mycoplasma analysis and cell signaling pathway analyses with high throughput screening (HTS). They also provide kits and advanced solutions for signaling pathway analyse of large collection of tissues and cell lines, biomarker identification and validation, and gene expression validation from NGS and DNA microarray results.<br><a rel=\"noreferrer noopener\" href=\"http:\/\/www.anygenes.com\/\" target=\"_blank\">www.anygenes.com<\/a> <\/p>\n<\/div>\n\n\n\n<div class=\"wp-block-column is-layout-flow wp-block-column-is-layout-flow\"><\/div>\n<\/div>\n\n\n\n<p><\/p>","protected":false},"excerpt":{"rendered":"<p>S\u00e4\u00e4st\u00e4 aikaasi. K\u00e4yt\u00e4 vasta-aine j\u00e4ljityspalveluamme. Kerro s\u00e4hk\u00f6postitse osoitteeseen&nbsp;nuppulinna@dlc.fi vasta-aineen nimi ja mihin tekniikkaan sek\u00e4 el\u00e4nlajiin sen tulisi soveltua. Paluupostissa saat tuotetiedot ja hinnat. Palvelu ei maksa mit\u00e4\u00e4n ja sopivan tuotteen l\u00f6ytyess\u00e4 tehd\u00e4\u00e4n kauppaa normaaliin tapaan. Meid\u00e4n kauttamme n\u00e4m\u00e4 laadukkaat tavarantoimittajat ImmunoLogic &#8211; a WellMed company on tuottanut CE\/IVD kriteerit t\u00e4ytt\u00e4v\u00e4\u00e4&nbsp;BrightVision detektiokitti\u00e4 immunohistokemiaan (IHC) jo vuodesta 1999 ja&nbsp;samaa kitti\u00e4 on myyty [&hellip;]<\/p>\n","protected":false},"author":1,"featured_media":0,"parent":0,"menu_order":0,"comment_status":"closed","ping_status":"closed","template":"","meta":{"footnotes":""},"class_list":["post-89","page","type-page","status-publish","hentry"],"_links":{"self":[{"href":"https:\/\/nuppulinnanlaboratoriopalvelu.fi\/en\/wp-json\/wp\/v2\/pages\/89","targetHints":{"allow":["GET"]}}],"collection":[{"href":"https:\/\/nuppulinnanlaboratoriopalvelu.fi\/en\/wp-json\/wp\/v2\/pages"}],"about":[{"href":"https:\/\/nuppulinnanlaboratoriopalvelu.fi\/en\/wp-json\/wp\/v2\/types\/page"}],"author":[{"embeddable":true,"href":"https:\/\/nuppulinnanlaboratoriopalvelu.fi\/en\/wp-json\/wp\/v2\/users\/1"}],"replies":[{"embeddable":true,"href":"https:\/\/nuppulinnanlaboratoriopalvelu.fi\/en\/wp-json\/wp\/v2\/comments?post=89"}],"version-history":[{"count":50,"href":"https:\/\/nuppulinnanlaboratoriopalvelu.fi\/en\/wp-json\/wp\/v2\/pages\/89\/revisions"}],"predecessor-version":[{"id":670,"href":"https:\/\/nuppulinnanlaboratoriopalvelu.fi\/en\/wp-json\/wp\/v2\/pages\/89\/revisions\/670"}],"wp:attachment":[{"href":"https:\/\/nuppulinnanlaboratoriopalvelu.fi\/en\/wp-json\/wp\/v2\/media?parent=89"}],"curies":[{"name":"wp","href":"https:\/\/api.w.org\/{rel}","templated":true}]}}