{"id":7,"date":"2022-01-12T09:58:57","date_gmt":"2022-01-12T07:58:57","guid":{"rendered":"http:\/\/localhost\/pressing-words\/?page_id=3"},"modified":"2022-02-15T11:32:16","modified_gmt":"2022-02-15T11:32:16","slug":"tietosuojaseloste","status":"publish","type":"page","link":"https:\/\/nuppulinnanlaboratoriopalvelu.fi\/en\/tietosuojaseloste\/","title":{"rendered":"Privacy policy"},"content":{"rendered":"<h2 class=\"wp-block-heading\" id=\"osoitteemme\">Osoitteemme<\/h2>\n\n\n\n<p>Verkkosivustomme osoite on: <a href=\"https:\/\/nuppulinnanlaboratoriopalvelu.fi\/en\/\">https:\/\/nuppulinnanlaboratoriopalvelu.fi\/<\/a> ja Nuppulinnan Laboratoriopalvelu Oy pid\u00e4tt\u00e4\u00e4 kaikki oikeudet sis\u00e4lt\u00f6\u00f6n.<\/p>\n\n\n\n<h2 class=\"wp-block-heading\" id=\"kommentit\">Kommentit<\/h2>\n\n\n\n<p>Sivusto ei ker\u00e4\u00e4 tietoja k\u00e4ytt\u00e4jist\u00e4 eik\u00e4 k\u00e4yt\u00e4 ev\u00e4steit\u00e4 asiakkaiden seuraamiseen.<\/p>","protected":false},"excerpt":{"rendered":"<p>Osoitteemme Verkkosivustomme osoite on: https:\/\/nuppulinnanlaboratoriopalvelu.fi\/ ja Nuppulinnan Laboratoriopalvelu Oy pid\u00e4tt\u00e4\u00e4 kaikki oikeudet sis\u00e4lt\u00f6\u00f6n. Kommentit Sivusto ei ker\u00e4\u00e4 tietoja k\u00e4ytt\u00e4jist\u00e4 eik\u00e4 k\u00e4yt\u00e4 ev\u00e4steit\u00e4 asiakkaiden seuraamiseen.<\/p>","protected":false},"author":1,"featured_media":0,"parent":0,"menu_order":0,"comment_status":"closed","ping_status":"open","template":"","meta":{"footnotes":""},"class_list":["post-7","page","type-page","status-publish","hentry"],"_links":{"self":[{"href":"https:\/\/nuppulinnanlaboratoriopalvelu.fi\/en\/wp-json\/wp\/v2\/pages\/7","targetHints":{"allow":["GET"]}}],"collection":[{"href":"https:\/\/nuppulinnanlaboratoriopalvelu.fi\/en\/wp-json\/wp\/v2\/pages"}],"about":[{"href":"https:\/\/nuppulinnanlaboratoriopalvelu.fi\/en\/wp-json\/wp\/v2\/types\/page"}],"author":[{"embeddable":true,"href":"https:\/\/nuppulinnanlaboratoriopalvelu.fi\/en\/wp-json\/wp\/v2\/users\/1"}],"replies":[{"embeddable":true,"href":"https:\/\/nuppulinnanlaboratoriopalvelu.fi\/en\/wp-json\/wp\/v2\/comments?post=7"}],"version-history":[{"count":3,"href":"https:\/\/nuppulinnanlaboratoriopalvelu.fi\/en\/wp-json\/wp\/v2\/pages\/7\/revisions"}],"predecessor-version":[{"id":652,"href":"https:\/\/nuppulinnanlaboratoriopalvelu.fi\/en\/wp-json\/wp\/v2\/pages\/7\/revisions\/652"}],"wp:attachment":[{"href":"https:\/\/nuppulinnanlaboratoriopalvelu.fi\/en\/wp-json\/wp\/v2\/media?parent=7"}],"curies":[{"name":"wp","href":"https:\/\/api.w.org\/{rel}","templated":true}]}}