{"id":34,"date":"2022-01-12T12:35:19","date_gmt":"2022-01-12T10:35:19","guid":{"rendered":"http:\/\/localhost\/pressing-words\/?page_id=34"},"modified":"2022-02-21T11:01:32","modified_gmt":"2022-02-21T11:01:32","slug":"tuotevalmistajat","status":"publish","type":"page","link":"https:\/\/nuppulinnanlaboratoriopalvelu.fi\/en\/tuotevalmistajat\/","title":{"rendered":"Manufacturers"},"content":{"rendered":"<h2 class=\"has-text-align-center wp-block-heading\" id=\"tuotevalmistajat\">Manufacturers<\/h2>\n\n\n\n<div style=\"height:40px\" aria-hidden=\"true\" class=\"wp-block-spacer\"><\/div>\n\n\n\n<p class=\"justified-text\">Nuppulinna distributes products and reagents from the following quality manufacturers, from whom you can find innovative solutions to your laboratory. Our core business is finding antibodies fitting to your needs, based on the method and target. Explore products from our partners freely and if you find something of interest, please contact through phone or email for more information.<\/p>\n\n\n\n<div style=\"height:20px\" aria-hidden=\"true\" class=\"wp-block-spacer\"><\/div>\n\n\n\n<!--Automaattisen sis\u00e4navigaation blokki--><p class=\"has-text-align-center\" id=\"innernav\"><\/p>\n\n\n\n<div style=\"height:20px\" aria-hidden=\"true\" class=\"wp-block-spacer\"><\/div>\n\n\n\n<div class=\"wp-block-group tuottaja-ryhma tuottaja-vasen\"><div class=\"wp-block-group__inner-container is-layout-flow wp-block-group-is-layout-flow\">\n<div class=\"wp-block-columns is-layout-flex wp-container-core-columns-is-layout-9d6595d7 wp-block-columns-is-layout-flex\">\n<div class=\"wp-block-column is-layout-flow wp-block-column-is-layout-flow\" style=\"flex-basis:20%\">\n<figure class=\"wp-block-image size-large tuottajakuva is-style-default\"><a href=\"https:\/\/www.immunologic.nl\/\" target=\"_blank\" rel=\"noopener\"><img loading=\"lazy\" decoding=\"async\" width=\"975\" height=\"1024\" src=\"https:\/\/nuppulinnanlaboratoriopalvelu.fi\/wp-content\/uploads\/2022\/02\/ImmunoLogic-975x1024.png\" alt=\"\" class=\"wp-image-654\" srcset=\"https:\/\/nuppulinnanlaboratoriopalvelu.fi\/wp-content\/uploads\/2022\/02\/ImmunoLogic-975x1024.png 975w, https:\/\/nuppulinnanlaboratoriopalvelu.fi\/wp-content\/uploads\/2022\/02\/ImmunoLogic-286x300.png 286w, https:\/\/nuppulinnanlaboratoriopalvelu.fi\/wp-content\/uploads\/2022\/02\/ImmunoLogic-768x806.png 768w, https:\/\/nuppulinnanlaboratoriopalvelu.fi\/wp-content\/uploads\/2022\/02\/ImmunoLogic-11x12.png 11w, https:\/\/nuppulinnanlaboratoriopalvelu.fi\/wp-content\/uploads\/2022\/02\/ImmunoLogic.png 1299w\" sizes=\"auto, (max-width: 975px) 100vw, 975px\" \/><\/a><\/figure>\n<\/div>\n\n\n\n<div class=\"wp-block-column is-layout-flow wp-block-column-is-layout-flow\" style=\"flex-basis:80%\">\n<h3 class=\"has-text-align-center otsake wp-block-heading\" id=\"immunologic\">ImmunoLogic<\/h3>\n\n\n\n<p class=\"justified-text\">ImmunoLogic - a WellMed company is a immunohistochemistry reagent developer, manufacturer, and distributor based in Netherlands. Their principal product is a biotin free BrightVision IHC detection kit, previously also sold under brand names of Powervision+ and Orion. These original products aim to fulfill the strict requirements for high performance and repeatability,  that customers have come to expect. Immunologic is a <strong>NEN EN ISO 13485 : 2016<\/strong> certified and supplies high quality products with <strong>CE\/IVD<\/strong> mark.<\/p>\n\n\n\n<p class=\"justified-text\">ImmunoLogic BrightVision product family is designed to offer a easy to use but sensitive detection kit for immunohistochemical stainings. Polymer based HRP or AP conjugated systems are biotin free, offering much higher specificity and sensitivity compared to the traditional biotin-streptavidin methods. These kits can be found in polyvalent form, recognising both mouse and rabbit antibodies, or as species specific variations. Products can also be found in small sizes for testing and validation.<br><a rel=\"noreferrer noopener\" href=\"https:\/\/www.immunologic.nl\/products\/detection-systems\/\" target=\"_blank\">immunologic.nl\/products\/detection-systems\/<\/a><\/p>\n\n\n\n<p class=\"justified-text\">To supplement the BrightVision system, ImmunoLogic also offers DAB-substrates and antibody diluents that guarantees ease of use, background free results, and longer shelf life than standard buffers.<br><a rel=\"noreferrer noopener\" href=\"https:\/\/www.immunologic.nl\/products\/substrate\/\" target=\"_blank\">immunologic.nl\/products\/substrate\/<\/a><br><a rel=\"noreferrer noopener\" href=\"https:\/\/www.immunologic.nl\/products\/diluents\/\" target=\"_blank\">immunologic.nl\/products\/diluents\/<\/a><\/p>\n<\/div>\n<\/div>\n<\/div><\/div>\n\n\n\n<div class=\"wp-block-group tuottaja-ryhma  tuottaja-oikea\"><div class=\"wp-block-group__inner-container is-layout-flow wp-block-group-is-layout-flow\">\n<div class=\"wp-block-columns is-layout-flex wp-container-core-columns-is-layout-9d6595d7 wp-block-columns-is-layout-flex\">\n<div class=\"wp-block-column is-layout-flow wp-block-column-is-layout-flow\" style=\"flex-basis:80%\">\n<h3 class=\"has-text-align-center otsake wp-block-heading\" id=\"bio-sb\">Bio SB<\/h3>\n\n\n\n<p class=\"has-text-align-right justified-text\">Bio SB aims to improve the methods in life science laboratories for the benefit of the patients all around the world. Especially the primary antibodies for immunohistochemistry and Fast MOHS IHC system for Mohs micrographic surgeries have received high praises from customers. Additionally, Bio SB offers products for direct or indirect immunofluorescence staining's, especially for immunoglobulins and complement system. All of the products are meant for <strong>CE\/IVD<\/strong> use and are produced according to <strong>US FDA<\/strong> and <strong>ISO 13485<\/strong> regulation.<\/p>\n\n\n\n<p class=\"has-text-align-right justified-text\">Products for immunohistochemistry includes a extensive collection of high quality antibodies aimed for many different research areas. Yearly Bio SB brings to market dozens of new innovative antibodies for immunohistochemical tissue analyses. Ask from us about the new products for more information. In addition all supplementary reagents for staining's can be found from this same manufacturer.<br><a rel=\"noreferrer noopener\" href=\"https:\/\/www.biosb.com\/products\/immunohistochemistry-products\/\" target=\"_blank\">biosb.com\/products\/immunohistochemistry-products\/<\/a><\/p>\n\n\n\n<p class=\"has-text-align-right justified-text\">Fast MOHS immunohistochemical system offers reliable result within 5-20 minutes, providing more information compared to routine staining during surgery. Find out more about the product from manufacturers site and contact us if interested.<br><a rel=\"noreferrer noopener\" href=\"https:\/\/www.biosb.com\/fast-mohs-immunohistochemistry\/\" target=\"_blank\">biosb.com\/fast-mohs-immunohistochemistry\/<\/a><\/p>\n\n\n\n<p class=\"has-text-align-right justified-text\">For immunofluorescence, Bio SB carries a selection of both FITC conjugated antibodies, and antibodies optimized to be used with their in-house AmpliDetector FITC kit. You can find solutions for complement and immunoglobulin detection from the conjugated antibodies and additional markers for serum proteins and epithelial markers from unconjugated antibodies.<br><a rel=\"noreferrer noopener\" href=\"https:\/\/www.biosb.com\/products\/immunoflourescence\/\" target=\"_blank\">biosb.com\/products\/immunoflourescence\/<\/a><\/p>\n\n\n\n<p class=\"has-text-align-right justified-text\">PolyDetector product family includes a comprehensive collection of Substrate-Chromogens for double- and multistainings (multiplexing). There are 6 different color choises for both HRP and AP enzymes, offering variety for protocol planning.<br><a rel=\"noreferrer noopener\" href=\"https:\/\/www.biosb.com\/products\/immunohistochemistry-products\/substrate-chromogens\/\" target=\"_blank\">biosb.com\/products\/immunohistochemistry-products\/substrate-chromogens\/<\/a><\/p>\n<\/div>\n\n\n\n<div class=\"wp-block-column is-layout-flow wp-block-column-is-layout-flow\" style=\"flex-basis:20%\">\n<figure class=\"wp-block-image size-full tuottajakuva is-style-default\"><a href=\"https:\/\/www.biosb.com\/\" target=\"_blank\" rel=\"noopener\"><img decoding=\"async\" src=\"https:\/\/nuppulinnanlaboratoriopalvelu.fi\/wp-content\/uploads\/2022\/01\/BioSBproducts.png\" alt=\"\" class=\"wp-image-291\"\/><\/a><\/figure>\n<\/div>\n<\/div>\n<\/div><\/div>\n\n\n\n<div class=\"wp-block-group tuottaja-ryhma tuottaja-vasen\"><div class=\"wp-block-group__inner-container is-layout-flow wp-block-group-is-layout-flow\">\n<div class=\"wp-block-columns is-layout-flex wp-container-core-columns-is-layout-9d6595d7 wp-block-columns-is-layout-flex\">\n<div class=\"wp-block-column is-layout-flow wp-block-column-is-layout-flow\" style=\"flex-basis:20%\">\n<figure class=\"wp-block-image size-large tuottajakuva is-style-default\"><a href=\"https:\/\/www.rockland.com\/\" target=\"_blank\" rel=\"noopener\"><img loading=\"lazy\" decoding=\"async\" width=\"1024\" height=\"690\" src=\"https:\/\/nuppulinnanlaboratoriopalvelu.fi\/wp-content\/uploads\/2022\/02\/rockland-e1643712106612-1024x690.jpg\" alt=\"\" class=\"wp-image-272\"\/><\/a><\/figure>\n<\/div>\n\n\n\n<div class=\"wp-block-column is-layout-flow wp-block-column-is-layout-flow\" style=\"flex-basis:80%\">\n<h3 class=\"has-text-align-center otsake wp-block-heading\" id=\"rockland\">Rockland<\/h3>\n\n\n\n<p>Rockland is one of the pioneers in antibody manufacturing field and they have been producing antibodies and proteins for other manufacturers from 1962. Nuppulinnan laboratoriopalvelu Oy has been importing Rockland products to Finland for over 20 years. Rockland understands the importance of reliable products in life science research and each batch goes through rigorous validation and quality assesment, insuring reproducible and reliable results for customers. From the extensive catalog you can find prime products for all antibody and protein based research.&nbsp;<\/p>\n\n\n\n<p class=\"justified-text\">Rockland offers primary antibodies for all immunological techniques. Antibodies are available in monoclonal, polyclonal and recombinant forms, and both in un-conjugated or conjugated to the most common fluorophores or enzymes. In addition, Rockland offers high quality secondary antibodies for many methods, and TrueBlot premium product line for immunopresipitation (IP) and western blot (WP).<br><a rel=\"noreferrer noopener\" href=\"https:\/\/www.rockland.com\/primary-antibodies\/\" target=\"_blank\">rockland.com\/primary-antibodies\/<\/a><br><a rel=\"noreferrer noopener\" href=\"https:\/\/www.rockland.com\/secondary-antibodies\/\" target=\"_blank\">rockland.com\/secondary-antibodies\/<\/a><br><a rel=\"noreferrer noopener\" href=\"https:\/\/www.rockland.com\/trueblot\/\" target=\"_blank\">rockland.com\/trueblot\/<\/a><\/p>\n\n\n\n<p class=\"justified-text\">From the extensive selection of proteins and peptides, you can find especially cytokines and growth factors, most frequent enzymes for molecular immunology and protein A and G. They also carry animal tissue, cell lysates, nuclear extracts, and cell lines (especially for melanoma) for research. As a speciality, Rockland produced a collection of blood based products, ranging from whole blood to animal specific purified complement systems.<br><a rel=\"noreferrer noopener\" href=\"https:\/\/www.rockland.com\/proteins-and-peptides\/\" target=\"_blank\">rockland.com\/proteins-and-peptides\/<\/a><br><a rel=\"noreferrer noopener\" href=\"https:\/\/www.rockland.com\/cell-lines-and-lysates\/\" target=\"_blank\">rockland.com\/cell-lines-and-lysates\/<\/a><br><a rel=\"noreferrer noopener\" href=\"https:\/\/www.rockland.com\/blood-products\/\" target=\"_blank\">rockland.com\/blood-products\/<\/a><\/p>\n\n\n\n<p class=\"justified-text\">To support quality research and improved reproducibility and quality, Rockland offers reagents and kits for immunological analyses.<br><a rel=\"noreferrer noopener\" href=\"https:\/\/www.rockland.com\/reagents\/\" target=\"_blank\">rockland.com\/reagents\/<\/a><br><a rel=\"noreferrer noopener\" href=\"https:\/\/www.rockland.com\/kits\/\" target=\"_blank\">rockland.com\/kits\/<\/a><\/p>\n<\/div>\n<\/div>\n<\/div><\/div>\n\n\n\n<div class=\"wp-block-group tuottaja-ryhma  tuottaja-oikea\"><div class=\"wp-block-group__inner-container is-layout-flow wp-block-group-is-layout-flow\">\n<div class=\"wp-block-columns is-layout-flex wp-container-core-columns-is-layout-9d6595d7 wp-block-columns-is-layout-flex\">\n<div class=\"wp-block-column is-layout-flow wp-block-column-is-layout-flow\" style=\"flex-basis:80%\">\n<h3 class=\"has-text-align-center otsake wp-block-heading\" id=\"anygenes\">AnyGenes<\/h3>\n\n\n\n<p class=\"has-text-align-right justified-text\">For over 15 years AnyGenes has brought innovative products to market for PCR based methods. They aim to produce high quality and easy to use kits for researchers, especially to study epigenetics, dysfunction of RNA, and signaling routes and diseases. To further the quality of quality control of research, by producing assays to detect Mycoplasma contamination in cell lines.<br><a rel=\"noreferrer noopener\" href=\"https:\/\/www.anygenes.com\/home\/products\" target=\"_blank\">anygenes.com\/home\/products<\/a><\/p>\n\n\n\n<p class=\"has-text-align-right justified-text\">MycoDiag tests are a fast and accurate qPCR analysis to detect Mycoplasma in cell cultures. It has been reported that approximately 15\u201335% of continuous cell lines are contaminated by Mycoplasmas, with critical consequence for reliability of results. AnyGene MycoDiag-analysis can be used to identifie 25 most common Mycoplasma that causes contaminations, both fast and reliably.<br><a rel=\"noreferrer noopener\" href=\"https:\/\/www.anygenes.com\/home\/products\/mycoplasma-detection-assays-mycodiag\" target=\"_blank\">anygenes.com\/home\/products\/mycoplasma-detection-assays-mycodiag<\/a><\/p>\n\n\n\n<p class=\"has-text-align-right justified-text\">For microbiota analyses from human, mouse, and rat samples, AnyGenes offers ready-to-use reagents in multiple formats to fit all aPCR equipment. Customers can also use their extensive database to compose your own Microbiota qPCR assay.<br><a rel=\"noreferrer noopener\" href=\"https:\/\/www.anygenes.com\/home\/products\/microbiota-assays\" target=\"_blank\">anygenes.com\/home\/products\/microbiota-assays<\/a><\/p>\n\n\n\n<p class=\"has-text-align-right justified-text\">AnyGenes produces SignArrays qPCR kits to study over 500 different signaling routes. With SignArrays product family, you can produce results with precision and competative pricing. All of the kits have been validated at experimental level with large collections of tissues and cell lines, with stringent quality control.<br><a rel=\"noreferrer noopener\" href=\"https:\/\/www.anygenes.com\/home\/products\/signaling-pathways\" target=\"_blank\">anygenes.com\/home\/products\/signaling-pathways<\/a><\/p>\n<\/div>\n\n\n\n<div class=\"wp-block-column is-layout-flow wp-block-column-is-layout-flow\" style=\"flex-basis:20%\">\n<figure class=\"wp-block-image size-full tuottajakuva is-style-default\"><a href=\"https:\/\/www.anygenes.com\/\" target=\"_blank\" rel=\"noopener\"><img loading=\"lazy\" decoding=\"async\" width=\"444\" height=\"476\" src=\"https:\/\/nuppulinnanlaboratoriopalvelu.fi\/wp-content\/uploads\/2022\/02\/AnyGenesPCR.jpg\" alt=\"\" class=\"wp-image-292\" srcset=\"https:\/\/nuppulinnanlaboratoriopalvelu.fi\/wp-content\/uploads\/2022\/02\/AnyGenesPCR.jpg 444w, https:\/\/nuppulinnanlaboratoriopalvelu.fi\/wp-content\/uploads\/2022\/02\/AnyGenesPCR-280x300.jpg 280w\" sizes=\"auto, (max-width: 444px) 100vw, 444px\" \/><\/a><\/figure>\n<\/div>\n<\/div>\n<\/div><\/div>\n\n\n\n<div class=\"wp-block-group tuottaja-ryhma tuottaja-vasen\"><div class=\"wp-block-group__inner-container is-layout-flow wp-block-group-is-layout-flow\">\n<div class=\"wp-block-columns is-layout-flex wp-container-core-columns-is-layout-9d6595d7 wp-block-columns-is-layout-flex\">\n<div class=\"wp-block-column is-layout-flow wp-block-column-is-layout-flow\" style=\"flex-basis:20%\">\n<figure class=\"wp-block-image size-full tuottajakuva is-style-default\"><a href=\"https:\/\/www.cosmobiousa.com\" target=\"_blank\" rel=\"noopener\"><img loading=\"lazy\" decoding=\"async\" width=\"411\" height=\"410\" src=\"https:\/\/nuppulinnanlaboratoriopalvelu.fi\/wp-content\/uploads\/2022\/02\/cosmobio.jpg\" alt=\"\" class=\"wp-image-594\" srcset=\"https:\/\/nuppulinnanlaboratoriopalvelu.fi\/wp-content\/uploads\/2022\/02\/cosmobio.jpg 411w, https:\/\/nuppulinnanlaboratoriopalvelu.fi\/wp-content\/uploads\/2022\/02\/cosmobio-300x300.jpg 300w, https:\/\/nuppulinnanlaboratoriopalvelu.fi\/wp-content\/uploads\/2022\/02\/cosmobio-150x150.jpg 150w\" sizes=\"auto, (max-width: 411px) 100vw, 411px\" \/><\/a><\/figure>\n<\/div>\n\n\n\n<div class=\"wp-block-column is-layout-flow wp-block-column-is-layout-flow\" style=\"flex-basis:80%\">\n<h3 class=\"has-text-align-center otsake wp-block-heading\" id=\"cosmo-bio-usa\">Cosmo Bio USA<\/h3>\n\n\n\n<p class=\"justified-text\">Cosmo Bio USA provides quality life science products from leading Japanese manufacturers, to provide customers with solutions for technical problems in the research problems. They provide products to wide variety of life science techniques, for example quality antibodies, elisa-kits, 3D collagen scaffolds, reagents and plasmids for optogenetics.<\/p>\n\n\n\n<p class=\"justified-text\">Through their mother company, Cosmo Bio USA is able to offer large catalog of antibodies, with stand out product family of Cosmo Bio Antibody Collection (CAC). CAC products were developed in research institutes and companies for real use case, and have therefore been \"field tested\" with literature to back up the claims.<br><a rel=\"noreferrer noopener\" href=\"https:\/\/www.cosmobiousa.com\/pages\/cosmo-antibody-collection\" target=\"_blank\">cosmobiousa.com\/pages\/cosmo-antibody-collection<\/a><\/p>\n\n\n\n<p class=\"justified-text\">Cosmo Bio USA distributes advanced plasmid vectors for Optogenetics from Hamamatsu. Technique is based on photoactivated adenylyl cyclase (PAC), which produces cAMP by photostimulation, compared to more traditional photosensitive ion channels. Due to this activation method, this product can be applied to non-excitable cells.<br><a rel=\"noreferrer noopener\" href=\"https:\/\/www.cosmobiousa.com\/pages\/optogenetics\" target=\"_blank\">cosmobiousa.com\/pages\/optogenetics<\/a><\/p>\n\n\n\n<p class=\"justified-text\">Other innovative products cover multiple different techniques and helps in neuronal research, exosome purification and characterization,  studying cells in 3D environment, and many more.<br><a href=\"https:\/\/www.cosmobiousa.com\/pages\/neurodegeneration-products\" target=\"_blank\" rel=\"noreferrer noopener\">cosmobiousa.com\/pages\/neurodegeneration-products<\/a><br><a href=\"https:\/\/www.cosmobiousa.com\/pages\/exosome-purification-and-characterization\" target=\"_blank\" rel=\"noreferrer noopener\">cosmobiousa.com\/pages\/exosome-purification-and-characterization<\/a><br><a href=\"https:\/\/www.cosmobiousa.com\/pages\/3d-collagen-scaffolds\" target=\"_blank\" rel=\"noreferrer noopener\">cosmobiousa.com\/pages\/3d-collagen-scaffolds<\/a><br><a href=\"https:\/\/www.cosmobiousa.com\/pages\/ivf-dashboard\" target=\"_blank\" rel=\"noreferrer noopener\">cosmobiousa.com\/pages\/ivf-dashboard<\/a><br><a href=\"https:\/\/www.cosmobiousa.com\/pages\/genomone-hvj-e-kits-for-cell-fusion-and-transfection\" target=\"_blank\" rel=\"noreferrer noopener\">cosmobiousa.com\/pages\/genomone-hvj-e-kits-for-cell-fusion-and-transfection<\/a><br><a href=\"https:\/\/www.cosmobiousa.com\/pages\/purefrex-protein-synthesis\" target=\"_blank\" rel=\"noreferrer noopener\">cosmobiousa.com\/pages\/purefrex-protein-synthesis<\/a><\/p>\n<\/div>\n<\/div>\n<\/div><\/div>\n\n\n\n<div class=\"wp-block-group tuottaja-ryhma tuottaja-oikea\"><div class=\"wp-block-group__inner-container is-layout-flow wp-block-group-is-layout-flow\">\n<div class=\"wp-block-columns is-layout-flex wp-container-core-columns-is-layout-9d6595d7 wp-block-columns-is-layout-flex\">\n<div class=\"wp-block-column is-layout-flow wp-block-column-is-layout-flow\" style=\"flex-basis:80%\">\n<h3 class=\"has-text-align-center otsake wp-block-heading\" id=\"angiobio\">AngioBio<\/h3>\n\n\n\n<p class=\"has-text-align-right justified-text\">AngioBio produces specific antibodies particularly for studying lymphangiogenesis and plants (especially rice). They also provide proteins for research. For more info and recommendations, ask directly from us at Nuppulinna.<\/p>\n\n\n\n<p class=\"has-text-align-right justified-text\"><a href=\"http:\/\/www.angiobio.com\/new\/category.php?&amp;cid=71&amp;view=all\" target=\"_blank\" rel=\"noreferrer noopener\">angiobio.com\/antibodies-animal<\/a><br><a href=\"http:\/\/www.angiobio.com\/new\/category.php?&amp;cid=94&amp;view=all\" target=\"_blank\" rel=\"noreferrer noopener\">angiobio.com\/antibodies-plant<\/a><br><a href=\"http:\/\/www.angiobio.com\/new\/category.php?&amp;cid=72&amp;view=all\" target=\"_blank\" rel=\"noreferrer noopener\">angiobio.com\/cell-matrix<\/a><\/p>\n<\/div>\n\n\n\n<div class=\"wp-block-column is-layout-flow wp-block-column-is-layout-flow\" style=\"flex-basis:20%\">\n<figure class=\"wp-block-image size-full tuottajakuva is-style-default\"><img loading=\"lazy\" decoding=\"async\" width=\"604\" height=\"600\" src=\"https:\/\/nuppulinnanlaboratoriopalvelu.fi\/wp-content\/uploads\/2022\/02\/angiobio.jpg\" alt=\"\" class=\"wp-image-300\" srcset=\"https:\/\/nuppulinnanlaboratoriopalvelu.fi\/wp-content\/uploads\/2022\/02\/angiobio.jpg 604w, https:\/\/nuppulinnanlaboratoriopalvelu.fi\/wp-content\/uploads\/2022\/02\/angiobio-300x298.jpg 300w, https:\/\/nuppulinnanlaboratoriopalvelu.fi\/wp-content\/uploads\/2022\/02\/angiobio-150x150.jpg 150w\" sizes=\"auto, (max-width: 604px) 100vw, 604px\" \/><\/figure>\n<\/div>\n<\/div>\n<\/div><\/div>\n\n\n\n<div class=\"wp-block-group tuottaja-ryhma tuottaja-vasen\"><div class=\"wp-block-group__inner-container is-layout-flow wp-block-group-is-layout-flow\">\n<div class=\"wp-block-columns is-layout-flex wp-container-core-columns-is-layout-9d6595d7 wp-block-columns-is-layout-flex\">\n<div class=\"wp-block-column is-layout-flow wp-block-column-is-layout-flow\" style=\"flex-basis:20%\">\n<figure class=\"wp-block-image size-full tuottajakuva is-style-default\"><a href=\"https:\/\/www.laddresearch.com\/\" target=\"_blank\" rel=\"noopener\"><img loading=\"lazy\" decoding=\"async\" width=\"364\" height=\"364\" src=\"https:\/\/nuppulinnanlaboratoriopalvelu.fi\/wp-content\/uploads\/2022\/02\/LaddReseach.gif\" alt=\"\" class=\"wp-image-295\"\/><\/a><\/figure>\n<\/div>\n\n\n\n<div class=\"wp-block-column is-layout-flow wp-block-column-is-layout-flow\" style=\"flex-basis:80%\">\n<h3 class=\"has-text-align-center otsake wp-block-heading\" id=\"ladd-reseach\">LADD reseach<\/h3>\n\n\n\n<p>For almost 50 years Ladd Research Industries has been a reliable American company that developes, produces and distributes electron microscopy products. They carry in their collection all consumables and reagents for transmission and scanning electron microscopy, supplementary vacuum equipment, and a choise of products for light microscopy.<br><a href=\"https:\/\/www.laddresearch.com\/\" target=\"_blank\" rel=\"noreferrer noopener\">laddresearch.com\/<\/a><\/p>\n\n\n\n<p class=\"justified-text\">Ladd Research produces Apertures, Microholes, Filaments, Screens, Grids, Support Films, and all the chemicals that you need with top quality.<br><a rel=\"noreferrer noopener\" href=\"https:\/\/www.laddresearch.com\/grids-storage-boxes-support-film\" target=\"_blank\">laddresearch.com\/grids-storage-boxes-support-film<\/a><br><a rel=\"noreferrer noopener\" href=\"https:\/\/www.laddresearch.com\/apertures-microholes-filaments-screens\" target=\"_blank\">laddresearch.com\/apertures-microholes-filaments-screens<\/a><br><a rel=\"noreferrer noopener\" href=\"https:\/\/www.laddresearch.com\/chemicals\" target=\"_blank\">laddresearch.com\/chemicals<\/a><\/p>\n<\/div>\n<\/div>\n<\/div><\/div>\n\n\n\n<script>\n\/\/T\u00e4m\u00e4 koodiosio tulee olla sivun viimeisen\u00e4. Luo automaattisesti navigaatioelementin sivun alkuun sille m\u00e4\u00e4r\u00e4ttyyn blokkiin!\n\nconst otsikot = document.getElementsByClassName(\"otsake\")\nconst navblock = document.getElementById(\"innernav\")\nArray.prototype.forEach.call(otsikot, element => {\nlet button = document.createElement(\"a\")\nbutton.className = \"btn btn-primary\"\nbutton.addEventListener(\"click\", function() {\n  scroll(this);\n});\nbutton.innerHTML = element.id;\nnavblock.append(button);\n});\n\nfunction scroll(el){\n  document.getElementById(el.innerHTML).scrollIntoView({behavior: \"smooth\", block: \"center\", inline: \"start\"});\n}\n\n<\/script>","protected":false},"excerpt":{"rendered":"<p>Tuotevalmistajat Nuppulinna v\u00e4litt\u00e4\u00e4 seuraavien huippuvalmistajien tuotteita ja reagensseja, joiden joukosta l\u00f6yd\u00e4t innovatiivisia ratkaisuja laboratorioosi. Ydinosaamiseemme on sinun tarpeisiin ja metodeihin sopivien vasta-aineiden l\u00f6yt\u00e4minen. Tutustu vapaasti tavarantoimittajien tuotteisiin ja ota yhteytt\u00e4 s\u00e4hk\u00f6postitse tai soittamalla saadaksesi lis\u00e4tietoja kiinnostavista tuotteista. ImmunoLogic ImmunoLogic &#8211; a WellMed company on Hollannissa sijaitseva immunohistokemian reagensseja kehitt\u00e4v\u00e4, tuottava ja v\u00e4litt\u00e4v\u00e4 yritys. Heid\u00e4n p\u00e4\u00e4tuotteensa on biotiinivapaa BrightVision detektiokitti immunohistokemiaan, [&hellip;]<\/p>\n","protected":false},"author":1,"featured_media":0,"parent":0,"menu_order":0,"comment_status":"closed","ping_status":"closed","template":"page-templates\/full-width-container.php","meta":{"footnotes":""},"class_list":["post-34","page","type-page","status-publish","hentry"],"_links":{"self":[{"href":"https:\/\/nuppulinnanlaboratoriopalvelu.fi\/en\/wp-json\/wp\/v2\/pages\/34","targetHints":{"allow":["GET"]}}],"collection":[{"href":"https:\/\/nuppulinnanlaboratoriopalvelu.fi\/en\/wp-json\/wp\/v2\/pages"}],"about":[{"href":"https:\/\/nuppulinnanlaboratoriopalvelu.fi\/en\/wp-json\/wp\/v2\/types\/page"}],"author":[{"embeddable":true,"href":"https:\/\/nuppulinnanlaboratoriopalvelu.fi\/en\/wp-json\/wp\/v2\/users\/1"}],"replies":[{"embeddable":true,"href":"https:\/\/nuppulinnanlaboratoriopalvelu.fi\/en\/wp-json\/wp\/v2\/comments?post=34"}],"version-history":[{"count":179,"href":"https:\/\/nuppulinnanlaboratoriopalvelu.fi\/en\/wp-json\/wp\/v2\/pages\/34\/revisions"}],"predecessor-version":[{"id":681,"href":"https:\/\/nuppulinnanlaboratoriopalvelu.fi\/en\/wp-json\/wp\/v2\/pages\/34\/revisions\/681"}],"wp:attachment":[{"href":"https:\/\/nuppulinnanlaboratoriopalvelu.fi\/en\/wp-json\/wp\/v2\/media?parent=34"}],"curies":[{"name":"wp","href":"https:\/\/api.w.org\/{rel}","templated":true}]}}