{"id":12,"date":"2022-01-12T10:09:00","date_gmt":"2022-01-12T10:09:00","guid":{"rendered":"http:\/\/localhost\/pressing-words\/?page_id=12"},"modified":"2022-02-16T12:35:38","modified_gmt":"2022-02-16T12:35:38","slug":"ota-yhteytta","status":"publish","type":"page","link":"https:\/\/nuppulinnanlaboratoriopalvelu.fi\/en\/ota-yhteytta\/","title":{"rendered":"Contact Us"},"content":{"rendered":"<div class=\"wp-block-columns is-layout-flex wp-container-core-columns-is-layout-9d6595d7 wp-block-columns-is-layout-flex\">\n<div class=\"wp-block-column is-layout-flow wp-block-column-is-layout-flow\" style=\"flex-basis:100%\">\n<h4 class=\"wp-block-heading\" id=\"saavutat-meidat-helposti-joko-puhelimitse-tai-sahkopostitse\">You can reach us easiest through phone or email.<\/h4>\n\n\n\n<div style=\"height:40px\" aria-hidden=\"true\" class=\"wp-block-spacer\"><\/div>\n\n\n\n<div class=\"wp-block-columns is-layout-flex wp-container-core-columns-is-layout-9d6595d7 wp-block-columns-is-layout-flex\">\n<div class=\"wp-block-column is-layout-flow wp-block-column-is-layout-flow\" style=\"flex-basis:66.66%\">\n<div style=\"height:45px\" aria-hidden=\"true\" class=\"wp-block-spacer\"><\/div>\n\n\n\n<p>Please ask on any interesting product for more information and we will help you to find the best solution for the method at hand.<\/p>\n\n\n\n<p>Our speciality is finding the most fitting antibodies from the range of our partners, based on the application and target.<\/p>\n<\/div>\n\n\n\n<div class=\"wp-block-column is-layout-flow wp-block-column-is-layout-flow\" style=\"flex-basis:33.33%\">\n<h4 class=\"wp-block-heading\" id=\"yhteystiedot\"> Contact information:<\/h4>\n\n\n\n<p>Nuppulinnan Laboratoriopalvelu Oy <\/p>\n\n\n\n<p> S\u00e4llintie 1 C, 04500 Kellokoski <\/p>\n\n\n\n<p> Tel: +358 (0)40 530 5367 <\/p>\n\n\n\n<p> e-mail: <a href=\"mailto:nuppulinna@dlc.fi\">nuppulinna@dlc.fi<\/a> <\/p>\n<\/div>\n<\/div>\n<\/div>\n<\/div>\n\n\n\n<figure class=\"wp-block-image size-full is-resized center-image\"><img loading=\"lazy\" decoding=\"async\" src=\"https:\/\/nuppulinnanlaboratoriopalvelu.fi\/wp-content\/uploads\/2022\/02\/KukkaAsetelmaMedium-e1644914907462.png\" alt=\"\" class=\"wp-image-624\" width=\"250\" height=\"178\" srcset=\"https:\/\/nuppulinnanlaboratoriopalvelu.fi\/wp-content\/uploads\/2022\/02\/KukkaAsetelmaMedium-e1644914907462.png 1000w, https:\/\/nuppulinnanlaboratoriopalvelu.fi\/wp-content\/uploads\/2022\/02\/KukkaAsetelmaMedium-e1644914907462-300x213.png 300w, https:\/\/nuppulinnanlaboratoriopalvelu.fi\/wp-content\/uploads\/2022\/02\/KukkaAsetelmaMedium-e1644914907462-18x12.png 18w, https:\/\/nuppulinnanlaboratoriopalvelu.fi\/wp-content\/uploads\/2022\/02\/KukkaAsetelmaMedium-e1644914907462-768x546.png 768w\" sizes=\"auto, (max-width: 250px) 100vw, 250px\" \/><\/figure>\n\n\n\n<p><\/p>","protected":false},"excerpt":{"rendered":"<p>Saavutat meid\u00e4t helposti joko puhelimitse tai s\u00e4hk\u00f6postitse. Autamme mielell\u00e4mme kaikissa teit\u00e4 kiinnostavia tuotteita koskevissa kysymyksiss\u00e4 ja l\u00f6yd\u00e4mme tarpeisiinne soveltuvat ratkaisut. Olemme erikoistuneet l\u00f6yt\u00e4m\u00e4\u00e4n yhteisty\u00f6kumppaniemme valikoimista teille parhaat vasta-aineet sovelluksesta ja kohteesta riippumatta. Yhteystiedot: Nuppulinnan Laboratoriopalvelu Oy S\u00e4llintie 1 C, 04500 Kellokoski Puh: +358 (0)40 530 5367 e-mail: nuppulinna@dlc.fi<\/p>","protected":false},"author":1,"featured_media":0,"parent":0,"menu_order":0,"comment_status":"closed","ping_status":"closed","template":"","meta":{"footnotes":""},"class_list":["post-12","page","type-page","status-publish","hentry"],"_links":{"self":[{"href":"https:\/\/nuppulinnanlaboratoriopalvelu.fi\/en\/wp-json\/wp\/v2\/pages\/12","targetHints":{"allow":["GET"]}}],"collection":[{"href":"https:\/\/nuppulinnanlaboratoriopalvelu.fi\/en\/wp-json\/wp\/v2\/pages"}],"about":[{"href":"https:\/\/nuppulinnanlaboratoriopalvelu.fi\/en\/wp-json\/wp\/v2\/types\/page"}],"author":[{"embeddable":true,"href":"https:\/\/nuppulinnanlaboratoriopalvelu.fi\/en\/wp-json\/wp\/v2\/users\/1"}],"replies":[{"embeddable":true,"href":"https:\/\/nuppulinnanlaboratoriopalvelu.fi\/en\/wp-json\/wp\/v2\/comments?post=12"}],"version-history":[{"count":19,"href":"https:\/\/nuppulinnanlaboratoriopalvelu.fi\/en\/wp-json\/wp\/v2\/pages\/12\/revisions"}],"predecessor-version":[{"id":647,"href":"https:\/\/nuppulinnanlaboratoriopalvelu.fi\/en\/wp-json\/wp\/v2\/pages\/12\/revisions\/647"}],"wp:attachment":[{"href":"https:\/\/nuppulinnanlaboratoriopalvelu.fi\/en\/wp-json\/wp\/v2\/media?parent=12"}],"curies":[{"name":"wp","href":"https:\/\/api.w.org\/{rel}","templated":true}]}}